{"id":1164,"date":"2023-08-03T13:58:40","date_gmt":"2023-08-03T13:58:40","guid":{"rendered":"https:\/\/www.vichito.cl\/web\/?post_type=product&#038;p=1164"},"modified":"2024-12-03T02:16:43","modified_gmt":"2024-12-03T02:16:43","slug":"linterna-dinamo-led-para-emergencia","status":"publish","type":"product","link":"https:\/\/www.vichito.cl\/web\/producto\/linterna-dinamo-led-para-emergencia\/","title":{"rendered":"Linterna dinamo led para emergencia"},"content":{"rendered":"","protected":false},"excerpt":{"rendered":"<p>1. Hecha de pl\u00e1stico, esta mini linterna es ligera, ecol\u00f3gica y resistente a la corrosi\u00f3n.<br \/>\n2. Funciona con una nueva tecnolog\u00eda de presionar el mango con la mano.<br \/>\n3. La bombilla LED puede proporcionarle la luz brillante durante mucho tiempo. Cuando est\u00e9 en la oscuridad, simplemente \u00e1bralo y deje que le ofrezca un toque de seguridad<br \/>\n4. Esta linterna resistente al agua diaria es adecuada para los d\u00edas que llovizna. Caminando bajo la lluvia delgada y todav\u00eda te est\u00e1 protegiendo y diciendo a los conductores que est\u00e1s all\u00ed.<br \/>\n5. Para uso en exteriores, simplemente gu\u00e1rdelo en su autom\u00f3vil, RV, barco y con su kit de emergencia.<\/p>\n","protected":false},"featured_media":1165,"template":"","meta":[],"product_brand":[],"product_cat":[55],"product_tag":[],"class_list":{"0":"post-1164","1":"product","2":"type-product","3":"status-publish","4":"has-post-thumbnail","6":"product_cat-camping","8":"first","9":"outofstock","10":"shipping-taxable","11":"purchasable","12":"product-type-simple"},"jetpack-related-posts":[],"jetpack_sharing_enabled":true,"_links":{"self":[{"href":"https:\/\/www.vichito.cl\/web\/wp-json\/wp\/v2\/product\/1164","targetHints":{"allow":["GET"]}}],"collection":[{"href":"https:\/\/www.vichito.cl\/web\/wp-json\/wp\/v2\/product"}],"about":[{"href":"https:\/\/www.vichito.cl\/web\/wp-json\/wp\/v2\/types\/product"}],"wp:featuredmedia":[{"embeddable":true,"href":"https:\/\/www.vichito.cl\/web\/wp-json\/wp\/v2\/media\/1165"}],"wp:attachment":[{"href":"https:\/\/www.vichito.cl\/web\/wp-json\/wp\/v2\/media?parent=1164"}],"wp:term":[{"taxonomy":"product_brand","embeddable":true,"href":"https:\/\/www.vichito.cl\/web\/wp-json\/wp\/v2\/product_brand?post=1164"},{"taxonomy":"product_cat","embeddable":true,"href":"https:\/\/www.vichito.cl\/web\/wp-json\/wp\/v2\/product_cat?post=1164"},{"taxonomy":"product_tag","embeddable":true,"href":"https:\/\/www.vichito.cl\/web\/wp-json\/wp\/v2\/product_tag?post=1164"}],"curies":[{"name":"wp","href":"https:\/\/api.w.org\/{rel}","templated":true}]}}